{"id":3772,"date":"2024-04-29T10:43:55","date_gmt":"2024-04-29T10:43:55","guid":{"rendered":"https:\/\/huentelmann.com\/draneringsmaskin-gigant-1900\/"},"modified":"2025-01-28T13:28:56","modified_gmt":"2025-01-28T13:28:56","slug":"draneringsmaskin-gigant-1900","status":"publish","type":"page","link":"https:\/\/huentelmann.com\/sv\/draneringsmaskin-gigant-1900\/","title":{"rendered":"Dr\u00e4neringsmaskin GIGANT 1900"},"content":{"rendered":"<p><div class=\"fusion-fullwidth fullwidth-box fusion-builder-row-1 fusion-flex-container has-pattern-background has-mask-background fusion-parallax-none nonhundred-percent-fullwidth non-hundred-percent-height-scrolling lazyload\" style=\"--awb-border-radius-top-left:0px;--awb-border-radius-top-right:0px;--awb-border-radius-bottom-right:0px;--awb-border-radius-bottom-left:0px;--awb-padding-top:15vw;--awb-padding-bottom:15vw;--awb-margin-top:-60px;--awb-background-size:cover;--awb-flex-wrap:wrap;\" data-bg=\"https:\/\/huentelmann.com\/wp-content\/uploads\/2024\/04\/IMG_0800-scaled.jpg\" ><div class=\"fusion-builder-row fusion-row fusion-flex-align-items-flex-start fusion-flex-content-wrap\" style=\"max-width:1512px;margin-left: calc(-5% \/ 2 );margin-right: calc(-5% \/ 2 );\"><div class=\"fusion-layout-column fusion_builder_column fusion-builder-column-0 fusion_builder_column_1_1 1_1 fusion-flex-column\" style=\"--awb-bg-size:cover;--awb-width-large:100%;--awb-margin-top-large:0px;--awb-spacing-right-large:2.375%;--awb-margin-bottom-large:0px;--awb-spacing-left-large:2.375%;--awb-width-medium:100%;--awb-order-medium:0;--awb-spacing-right-medium:2.375%;--awb-spacing-left-medium:2.375%;--awb-width-small:100%;--awb-order-small:0;--awb-spacing-right-small:2.375%;--awb-spacing-left-small:2.375%;\"><div class=\"fusion-column-wrapper fusion-column-has-shadow fusion-flex-justify-content-flex-start fusion-content-layout-column\"><\/div><\/div><\/div><\/div><div class=\"fusion-fullwidth fullwidth-box fusion-builder-row-2 fusion-flex-container has-pattern-background has-mask-background nonhundred-percent-fullwidth non-hundred-percent-height-scrolling\" style=\"--awb-border-radius-top-left:0px;--awb-border-radius-top-right:0px;--awb-border-radius-bottom-right:0px;--awb-border-radius-bottom-left:0px;--awb-margin-top:4vw;--awb-flex-wrap:wrap;\" ><div class=\"fusion-builder-row fusion-row fusion-flex-align-items-flex-start fusion-flex-content-wrap\" style=\"max-width:1512px;margin-left: calc(-5% \/ 2 );margin-right: calc(-5% \/ 2 );\"><div class=\"fusion-layout-column fusion_builder_column fusion-builder-column-1 fusion_builder_column_1_1 1_1 fusion-flex-column\" style=\"--awb-bg-size:cover;--awb-width-large:100%;--awb-margin-top-large:0px;--awb-spacing-right-large:2.375%;--awb-margin-bottom-large:0px;--awb-spacing-left-large:2.375%;--awb-width-medium:100%;--awb-order-medium:0;--awb-spacing-right-medium:2.375%;--awb-spacing-left-medium:2.375%;--awb-width-small:100%;--awb-order-small:0;--awb-spacing-right-small:2.375%;--awb-spacing-left-small:2.375%;\"><div class=\"fusion-column-wrapper fusion-column-has-shadow fusion-flex-justify-content-flex-start fusion-content-layout-column\"><div class=\"fusion-title title fusion-title-1 fusion-sep-none fusion-title-center fusion-title-text fusion-title-size-one\" style=\"--awb-margin-bottom:30px;--awb-margin-top-small:10px;--awb-margin-right-small:0px;--awb-margin-bottom-small:30px;--awb-margin-left-small:0px;\"><h1 class=\"fusion-title-heading title-heading-center\" style=\"margin:0;letter-spacing:-1px;text-transform:uppercase;\">Dr\u00e4neringsmaskin GIGANT 1900<\/h1><\/div><div class=\"fusion-text fusion-text-1 fusion-text-no-margin\" style=\"--awb-content-alignment:center;--awb-font-size:var(--awb-typography2-font-size);--awb-line-height:var(--awb-typography2-line-height);--awb-letter-spacing:var(--awb-typography2-letter-spacing);--awb-text-transform:uppercase;--awb-margin-bottom:10px;--awb-text-font-family:&quot;vista-sans-narrow&quot;;--awb-text-font-style:normal;--awb-text-font-weight:500;\"><p>Den kraftfulla maskinen f\u00f6r sm\u00e5 och medelstora dr\u00e4nerings\u00e5tg\u00e4rder och kabelf\u00f6rl\u00e4ggning<\/p>\n<\/div><\/div><\/div><div class=\"fusion-layout-column fusion_builder_column fusion-builder-column-2 fusion_builder_column_1_2 1_2 fusion-flex-column\" style=\"--awb-bg-size:cover;--awb-width-large:50%;--awb-margin-top-large:2vw;--awb-spacing-right-large:4.75%;--awb-margin-bottom-large:0px;--awb-spacing-left-large:4.75%;--awb-width-medium:50%;--awb-order-medium:0;--awb-spacing-right-medium:4.75%;--awb-spacing-left-medium:4.75%;--awb-width-small:100%;--awb-order-small:0;--awb-spacing-right-small:2.375%;--awb-spacing-left-small:2.375%;\"><div class=\"fusion-column-wrapper fusion-column-has-shadow fusion-flex-justify-content-flex-start fusion-content-layout-column\"><div class=\"fusion-video fusion-youtube\" style=\"--awb-max-width:600px;--awb-max-height:360px;\"><div class=\"video-shortcode\"><lite-youtube videoid=\"LOR1HWxg8hM\" class=\"landscape\" params=\"wmode=transparent&autoplay=1&amp;enablejsapi=1\" title=\"YouTube video player 1\" data-button-label=\"Play Video\" width=\"600\" height=\"360\" data-thumbnail-size=\"auto\" data-no-cookie=\"on\"><\/lite-youtube><\/div><\/div><div class=\"fusion-title title fusion-title-2 fusion-sep-none fusion-title-text fusion-title-size-three\" style=\"--awb-margin-top:2vw;--awb-margin-top-small:10px;--awb-margin-right-small:0px;--awb-margin-bottom-small:10px;--awb-margin-left-small:0px;\"><h3 class=\"fusion-title-heading title-heading-left\" style=\"margin:0;\">Vill du ha mer information?<\/h3><\/div><div ><a class=\"fusion-button button-flat fusion-button-default-size button-custom fusion-button-default button-1 fusion-button-default-span fusion-button-default-type\" style=\"--button_accent_color:var(--awb-color1);--button_accent_hover_color:var(--awb-color1);--button_border_hover_color:var(--awb-color1);--button_gradient_top_color:var(--awb-color4);--button_gradient_bottom_color:var(--awb-color4);--button_gradient_top_color_hover:var(--awb-custom_color_1);--button_gradient_bottom_color_hover:var(--awb-custom_color_1);--button_text_transform:none;--button_margin-top:10px;\" target=\"_self\" href=\"https:\/\/huentelmann.com\/sv\/nedladdningar\/\"><i class=\"fa-file-pdf fas awb-button__icon awb-button__icon--default button-icon-left\" aria-hidden=\"true\"><\/i><span class=\"fusion-button-text awb-button__text awb-button__text--default\">Klicka h\u00e4r f\u00f6r produktblad.<\/span><\/a><\/div><\/div><\/div><div class=\"fusion-layout-column fusion_builder_column fusion-builder-column-3 fusion_builder_column_1_2 1_2 fusion-flex-column\" style=\"--awb-bg-size:cover;--awb-width-large:50%;--awb-margin-top-large:2vw;--awb-spacing-right-large:4.75%;--awb-margin-bottom-large:0px;--awb-spacing-left-large:4.75%;--awb-width-medium:50%;--awb-order-medium:0;--awb-spacing-right-medium:4.75%;--awb-spacing-left-medium:4.75%;--awb-width-small:100%;--awb-order-small:0;--awb-spacing-right-small:2.375%;--awb-spacing-left-small:2.375%;\"><div class=\"fusion-column-wrapper fusion-column-has-shadow fusion-flex-justify-content-flex-start fusion-content-layout-column\"><ul style=\"--awb-line-height:27.2px;--awb-icon-width:27.2px;--awb-icon-height:27.2px;--awb-icon-margin:11.2px;--awb-content-margin:38.4px;--awb-circlecolor:var(--awb-color4);--awb-circle-yes-font-size:14.08px;\" class=\"fusion-checklist fusion-checklist-1 fusion-checklist-default type-icons\"><li class=\"fusion-li-item\" style=\"\"><span class=\"icon-wrapper circle-yes\"><i class=\"fusion-li-icon awb-icon-check\" aria-hidden=\"true\"><\/i><\/span><div class=\"fusion-li-item-content\">OSCILLERANDE DRIVENHET<\/div><\/li><li class=\"fusion-li-item\" style=\"\"><span class=\"icon-wrapper circle-yes\"><i class=\"fusion-li-icon awb-icon-check\" aria-hidden=\"true\"><\/i><\/span><div class=\"fusion-li-item-content\">ENKEL DRIVE<\/div><\/li><li class=\"fusion-li-item\" style=\"\"><span class=\"icon-wrapper circle-yes\"><i class=\"fusion-li-icon awb-icon-check\" aria-hidden=\"true\"><\/i><\/span><div class=\"fusion-li-item-content\">ENKEL DRIFT OCH UNDERH\u00c5LL<\/div><\/li><li class=\"fusion-li-item\" style=\"\"><span class=\"icon-wrapper circle-yes\"><i class=\"fusion-li-icon awb-icon-check\" aria-hidden=\"true\"><\/i><\/span><div class=\"fusion-li-item-content\">\n<p>HISSCENTRAL MED KABIN<\/p>\n<\/div><\/li><li class=\"fusion-li-item\" style=\"\"><span class=\"icon-wrapper circle-yes\"><i class=\"fusion-li-icon awb-icon-check\" aria-hidden=\"true\"><\/i><\/span><div class=\"fusion-li-item-content\">\n<p>SN\u00c4V KURVTAGNING<\/p>\n<\/div><\/li><li class=\"fusion-li-item\" style=\"\"><span class=\"icon-wrapper circle-yes\"><i class=\"fusion-li-icon awb-icon-check\" aria-hidden=\"true\"><\/i><\/span><div class=\"fusion-li-item-content\">KONTROLL AV SULAN<\/div><\/li><li class=\"fusion-li-item\" style=\"\"><span class=\"icon-wrapper circle-yes\"><i class=\"fusion-li-icon awb-icon-check\" aria-hidden=\"true\"><\/i><\/span><div class=\"fusion-li-item-content\">HYDRAULISKT LYFTBAR AXELSTYRNING<\/div><\/li><li class=\"fusion-li-item\" style=\"\"><span class=\"icon-wrapper circle-yes\"><i class=\"fusion-li-icon awb-icon-check\" aria-hidden=\"true\"><\/i><\/span><div class=\"fusion-li-item-content\">\n<p>SV\u00c4NGBAR RAM<\/p>\n<\/div><\/li><\/ul><div class=\"fusion-title title fusion-title-3 fusion-sep-none fusion-title-text fusion-title-size-three\" style=\"--awb-margin-top:2vw;--awb-margin-top-small:10px;--awb-margin-right-small:0px;--awb-margin-bottom-small:10px;--awb-margin-left-small:0px;\"><h3 class=\"fusion-title-heading title-heading-left\" style=\"margin:0;\">Nyheter<\/h3><\/div><ul style=\"--awb-line-height:27.2px;--awb-icon-width:27.2px;--awb-icon-height:27.2px;--awb-icon-margin:11.2px;--awb-content-margin:38.4px;--awb-circlecolor:var(--awb-color4);--awb-circle-yes-font-size:14.08px;\" class=\"fusion-checklist fusion-checklist-2 fusion-checklist-default type-icons\"><li class=\"fusion-li-item\" style=\"\"><span class=\"icon-wrapper circle-yes\"><i class=\"fusion-li-icon awb-icon-check\" aria-hidden=\"true\"><\/i><\/span><div class=\"fusion-li-item-content\">BILK\u00d6RNING<\/div><\/li><li class=\"fusion-li-item\" style=\"\"><span class=\"icon-wrapper circle-yes\"><i class=\"fusion-li-icon awb-icon-check\" aria-hidden=\"true\"><\/i><\/span><div class=\"fusion-li-item-content\">\n<p>HYDROSTATISK FR\u00c4SNING KEDJEDRIFT<\/p>\n<\/div><\/li><li class=\"fusion-li-item\" style=\"\"><span class=\"icon-wrapper circle-yes\"><i class=\"fusion-li-icon awb-icon-check\" aria-hidden=\"true\"><\/i><\/span><div class=\"fusion-li-item-content\">TEKNIK F\u00d6R LASTAVK\u00c4NNING<\/div><\/li><li class=\"fusion-li-item\" style=\"\"><span class=\"icon-wrapper circle-yes\"><i class=\"fusion-li-icon awb-icon-check\" aria-hidden=\"true\"><\/i><\/span><div class=\"fusion-li-item-content\">TOPPMODERN STYRTEKNIK<\/div><\/li><li class=\"fusion-li-item\" style=\"\"><span class=\"icon-wrapper circle-yes\"><i class=\"fusion-li-icon awb-icon-check\" aria-hidden=\"true\"><\/i><\/span><div class=\"fusion-li-item-content\">\n<p>VISUALISERING OCH DIAGNOS<\/p>\n<\/div><\/li><\/ul><\/div><\/div><\/div><\/div><div class=\"fusion-fullwidth fullwidth-box fusion-builder-row-3 fusion-flex-container has-pattern-background has-mask-background hundred-percent-fullwidth non-hundred-percent-height-scrolling\" style=\"--awb-border-radius-top-left:0px;--awb-border-radius-top-right:0px;--awb-border-radius-bottom-right:0px;--awb-border-radius-bottom-left:0px;--awb-padding-right:0px;--awb-padding-left:0px;--awb-margin-top:4vw;--awb-margin-bottom:-4vw;--awb-flex-wrap:wrap;\" ><div class=\"fusion-builder-row fusion-row fusion-flex-align-items-flex-start fusion-flex-content-wrap\" style=\"width:105% !important;max-width:105% !important;margin-left: calc(-5% \/ 2 );margin-right: calc(-5% \/ 2 );\"><div class=\"fusion-layout-column fusion_builder_column fusion-builder-column-4 fusion_builder_column_1_1 1_1 fusion-flex-column\" style=\"--awb-bg-size:cover;--awb-width-large:100%;--awb-margin-top-large:0px;--awb-spacing-right-large:2.375%;--awb-margin-bottom-large:0px;--awb-spacing-left-large:2.375%;--awb-width-medium:100%;--awb-order-medium:0;--awb-spacing-right-medium:2.375%;--awb-spacing-left-medium:2.375%;--awb-width-small:100%;--awb-order-small:0;--awb-spacing-right-small:2.375%;--awb-spacing-left-small:2.375%;\"><div class=\"fusion-column-wrapper fusion-column-has-shadow fusion-flex-justify-content-flex-start fusion-content-layout-column\"><div class=\"fusion-image-carousel fusion-image-carousel-auto fusion-image-carousel-1 lightbox-enabled fusion-carousel-border\"><div class=\"awb-carousel awb-swiper awb-swiper-carousel awb-carousel--carousel awb-swiper-dots-position-bottom\" data-layout=\"carousel\" data-autoplay=\"no\" data-autoplayspeed=\"5000\" data-autoplaypause=\"no\" data-columns=\"6\" data-columnsmedium=\"1\" data-columnssmall=\"1\" data-itemmargin=\"13\" data-itemwidth=\"180\" data-touchscroll=\"no\" data-freemode=\"no\" data-imagesize=\"auto\" data-scrollitems=\"0\" data-centeredslides=\"no\" data-rotationangle=\"50\" data-depth=\"100\" data-speed=\"500\" data-shadow=\"no\" data-pagination=\"bullets\" style=\"--awb-columns:6;--awb-border-width:1px;--awb-border-color:#e9eaee;\"><div class=\"swiper-wrapper awb-image-carousel-wrapper fusion-flex-align-items-center\"><div class=\"swiper-slide\"><div class=\"fusion-carousel-item-wrapper\"><div class=\"fusion-image-wrapper hover-type-none\"><a data-rel=\"iLightbox[image_carousel_1]\" data-title=\"IMG_0800\" aria-label=\"IMG_0800\" href=\"https:\/\/huentelmann.com\/wp-content\/uploads\/2024\/04\/IMG_0800-scaled.jpg\" target=\"_self\"><img decoding=\"async\" width=\"2560\" height=\"1707\" src=\"https:\/\/huentelmann.com\/wp-content\/uploads\/2024\/04\/IMG_0800-scaled.jpg\" class=\"attachment-full size-full lazyload\" alt=\"\" srcset=\"data:image\/svg+xml,%3Csvg%20xmlns%3D%27http%3A%2F%2Fwww.w3.org%2F2000%2Fsvg%27%20width%3D%272560%27%20height%3D%271707%27%20viewBox%3D%270%200%202560%201707%27%3E%3Crect%20width%3D%272560%27%20height%3D%271707%27%20fill-opacity%3D%220%22%2F%3E%3C%2Fsvg%3E\" data-orig-src=\"https:\/\/huentelmann.com\/wp-content\/uploads\/2024\/04\/IMG_0800-scaled.jpg\" data-srcset=\"https:\/\/huentelmann.com\/wp-content\/uploads\/2024\/04\/IMG_0800-200x133.jpg 200w, https:\/\/huentelmann.com\/wp-content\/uploads\/2024\/04\/IMG_0800-400x267.jpg 400w, https:\/\/huentelmann.com\/wp-content\/uploads\/2024\/04\/IMG_0800-600x400.jpg 600w, https:\/\/huentelmann.com\/wp-content\/uploads\/2024\/04\/IMG_0800-800x533.jpg 800w, https:\/\/huentelmann.com\/wp-content\/uploads\/2024\/04\/IMG_0800-1200x800.jpg 1200w, https:\/\/huentelmann.com\/wp-content\/uploads\/2024\/04\/IMG_0800-scaled.jpg 2560w\" data-sizes=\"auto\" \/><\/a><\/div><\/div><\/div><div class=\"swiper-slide\"><div class=\"fusion-carousel-item-wrapper\"><div class=\"fusion-image-wrapper hover-type-none\"><a data-rel=\"iLightbox[image_carousel_1]\" data-title=\"IMG_0643\" aria-label=\"IMG_0643\" href=\"https:\/\/huentelmann.com\/wp-content\/uploads\/2024\/04\/IMG_0643-scaled.jpg\" target=\"_self\"><img decoding=\"async\" width=\"2560\" height=\"1707\" src=\"https:\/\/huentelmann.com\/wp-content\/uploads\/2024\/04\/IMG_0643-scaled.jpg\" class=\"attachment-full size-full lazyload\" alt=\"\" srcset=\"data:image\/svg+xml,%3Csvg%20xmlns%3D%27http%3A%2F%2Fwww.w3.org%2F2000%2Fsvg%27%20width%3D%272560%27%20height%3D%271707%27%20viewBox%3D%270%200%202560%201707%27%3E%3Crect%20width%3D%272560%27%20height%3D%271707%27%20fill-opacity%3D%220%22%2F%3E%3C%2Fsvg%3E\" data-orig-src=\"https:\/\/huentelmann.com\/wp-content\/uploads\/2024\/04\/IMG_0643-scaled.jpg\" data-srcset=\"https:\/\/huentelmann.com\/wp-content\/uploads\/2024\/04\/IMG_0643-200x133.jpg 200w, https:\/\/huentelmann.com\/wp-content\/uploads\/2024\/04\/IMG_0643-400x267.jpg 400w, https:\/\/huentelmann.com\/wp-content\/uploads\/2024\/04\/IMG_0643-600x400.jpg 600w, https:\/\/huentelmann.com\/wp-content\/uploads\/2024\/04\/IMG_0643-800x533.jpg 800w, https:\/\/huentelmann.com\/wp-content\/uploads\/2024\/04\/IMG_0643-1200x800.jpg 1200w, https:\/\/huentelmann.com\/wp-content\/uploads\/2024\/04\/IMG_0643-scaled.jpg 2560w\" data-sizes=\"auto\" \/><\/a><\/div><\/div><\/div><div class=\"swiper-slide\"><div class=\"fusion-carousel-item-wrapper\"><div class=\"fusion-image-wrapper hover-type-none\"><a data-rel=\"iLightbox[image_carousel_1]\" data-title=\"IMG_0640\" aria-label=\"IMG_0640\" href=\"https:\/\/huentelmann.com\/wp-content\/uploads\/2024\/04\/IMG_0640-scaled.jpg\" target=\"_self\"><img decoding=\"async\" width=\"2560\" height=\"1707\" src=\"https:\/\/huentelmann.com\/wp-content\/uploads\/2024\/04\/IMG_0640-scaled.jpg\" class=\"attachment-full size-full lazyload\" alt=\"\" srcset=\"data:image\/svg+xml,%3Csvg%20xmlns%3D%27http%3A%2F%2Fwww.w3.org%2F2000%2Fsvg%27%20width%3D%272560%27%20height%3D%271707%27%20viewBox%3D%270%200%202560%201707%27%3E%3Crect%20width%3D%272560%27%20height%3D%271707%27%20fill-opacity%3D%220%22%2F%3E%3C%2Fsvg%3E\" data-orig-src=\"https:\/\/huentelmann.com\/wp-content\/uploads\/2024\/04\/IMG_0640-scaled.jpg\" data-srcset=\"https:\/\/huentelmann.com\/wp-content\/uploads\/2024\/04\/IMG_0640-200x133.jpg 200w, https:\/\/huentelmann.com\/wp-content\/uploads\/2024\/04\/IMG_0640-400x267.jpg 400w, https:\/\/huentelmann.com\/wp-content\/uploads\/2024\/04\/IMG_0640-600x400.jpg 600w, https:\/\/huentelmann.com\/wp-content\/uploads\/2024\/04\/IMG_0640-800x533.jpg 800w, https:\/\/huentelmann.com\/wp-content\/uploads\/2024\/04\/IMG_0640-1200x800.jpg 1200w, https:\/\/huentelmann.com\/wp-content\/uploads\/2024\/04\/IMG_0640-scaled.jpg 2560w\" data-sizes=\"auto\" \/><\/a><\/div><\/div><\/div><div class=\"swiper-slide\"><div class=\"fusion-carousel-item-wrapper\"><div class=\"fusion-image-wrapper hover-type-none\"><a data-rel=\"iLightbox[image_carousel_1]\" data-title=\"IMG_0634\" aria-label=\"IMG_0634\" href=\"https:\/\/huentelmann.com\/wp-content\/uploads\/2024\/04\/IMG_0634-scaled.jpg\" target=\"_self\"><img decoding=\"async\" width=\"2560\" height=\"1707\" src=\"https:\/\/huentelmann.com\/wp-content\/uploads\/2024\/04\/IMG_0634-scaled.jpg\" class=\"attachment-full size-full lazyload\" alt=\"\" srcset=\"data:image\/svg+xml,%3Csvg%20xmlns%3D%27http%3A%2F%2Fwww.w3.org%2F2000%2Fsvg%27%20width%3D%272560%27%20height%3D%271707%27%20viewBox%3D%270%200%202560%201707%27%3E%3Crect%20width%3D%272560%27%20height%3D%271707%27%20fill-opacity%3D%220%22%2F%3E%3C%2Fsvg%3E\" data-orig-src=\"https:\/\/huentelmann.com\/wp-content\/uploads\/2024\/04\/IMG_0634-scaled.jpg\" data-srcset=\"https:\/\/huentelmann.com\/wp-content\/uploads\/2024\/04\/IMG_0634-200x133.jpg 200w, https:\/\/huentelmann.com\/wp-content\/uploads\/2024\/04\/IMG_0634-400x267.jpg 400w, https:\/\/huentelmann.com\/wp-content\/uploads\/2024\/04\/IMG_0634-600x400.jpg 600w, https:\/\/huentelmann.com\/wp-content\/uploads\/2024\/04\/IMG_0634-800x533.jpg 800w, https:\/\/huentelmann.com\/wp-content\/uploads\/2024\/04\/IMG_0634-1200x800.jpg 1200w, https:\/\/huentelmann.com\/wp-content\/uploads\/2024\/04\/IMG_0634-scaled.jpg 2560w\" data-sizes=\"auto\" \/><\/a><\/div><\/div><\/div><div class=\"swiper-slide\"><div class=\"fusion-carousel-item-wrapper\"><div class=\"fusion-image-wrapper hover-type-none\"><a data-rel=\"iLightbox[image_carousel_1]\" data-title=\"IMG_0632\" aria-label=\"IMG_0632\" href=\"https:\/\/huentelmann.com\/wp-content\/uploads\/2024\/04\/IMG_0632-scaled.jpg\" target=\"_self\"><img decoding=\"async\" width=\"2560\" height=\"1707\" src=\"https:\/\/huentelmann.com\/wp-content\/uploads\/2024\/04\/IMG_0632-scaled.jpg\" class=\"attachment-full size-full lazyload\" alt=\"\" srcset=\"data:image\/svg+xml,%3Csvg%20xmlns%3D%27http%3A%2F%2Fwww.w3.org%2F2000%2Fsvg%27%20width%3D%272560%27%20height%3D%271707%27%20viewBox%3D%270%200%202560%201707%27%3E%3Crect%20width%3D%272560%27%20height%3D%271707%27%20fill-opacity%3D%220%22%2F%3E%3C%2Fsvg%3E\" data-orig-src=\"https:\/\/huentelmann.com\/wp-content\/uploads\/2024\/04\/IMG_0632-scaled.jpg\" data-srcset=\"https:\/\/huentelmann.com\/wp-content\/uploads\/2024\/04\/IMG_0632-200x133.jpg 200w, https:\/\/huentelmann.com\/wp-content\/uploads\/2024\/04\/IMG_0632-400x267.jpg 400w, https:\/\/huentelmann.com\/wp-content\/uploads\/2024\/04\/IMG_0632-600x400.jpg 600w, https:\/\/huentelmann.com\/wp-content\/uploads\/2024\/04\/IMG_0632-800x533.jpg 800w, https:\/\/huentelmann.com\/wp-content\/uploads\/2024\/04\/IMG_0632-1200x800.jpg 1200w, https:\/\/huentelmann.com\/wp-content\/uploads\/2024\/04\/IMG_0632-scaled.jpg 2560w\" data-sizes=\"auto\" \/><\/a><\/div><\/div><\/div><div class=\"swiper-slide\"><div class=\"fusion-carousel-item-wrapper\"><div class=\"fusion-image-wrapper hover-type-none\"><a data-rel=\"iLightbox[image_carousel_1]\" data-title=\"IMG_0631\" aria-label=\"IMG_0631\" href=\"https:\/\/huentelmann.com\/wp-content\/uploads\/2024\/04\/IMG_0631-scaled.jpg\" target=\"_self\"><img decoding=\"async\" width=\"2560\" height=\"1707\" src=\"https:\/\/huentelmann.com\/wp-content\/uploads\/2024\/04\/IMG_0631-scaled.jpg\" class=\"attachment-full size-full lazyload\" alt=\"\" srcset=\"data:image\/svg+xml,%3Csvg%20xmlns%3D%27http%3A%2F%2Fwww.w3.org%2F2000%2Fsvg%27%20width%3D%272560%27%20height%3D%271707%27%20viewBox%3D%270%200%202560%201707%27%3E%3Crect%20width%3D%272560%27%20height%3D%271707%27%20fill-opacity%3D%220%22%2F%3E%3C%2Fsvg%3E\" data-orig-src=\"https:\/\/huentelmann.com\/wp-content\/uploads\/2024\/04\/IMG_0631-scaled.jpg\" data-srcset=\"https:\/\/huentelmann.com\/wp-content\/uploads\/2024\/04\/IMG_0631-200x133.jpg 200w, https:\/\/huentelmann.com\/wp-content\/uploads\/2024\/04\/IMG_0631-400x267.jpg 400w, https:\/\/huentelmann.com\/wp-content\/uploads\/2024\/04\/IMG_0631-600x400.jpg 600w, https:\/\/huentelmann.com\/wp-content\/uploads\/2024\/04\/IMG_0631-800x533.jpg 800w, https:\/\/huentelmann.com\/wp-content\/uploads\/2024\/04\/IMG_0631-1200x800.jpg 1200w, https:\/\/huentelmann.com\/wp-content\/uploads\/2024\/04\/IMG_0631-scaled.jpg 2560w\" data-sizes=\"auto\" \/><\/a><\/div><\/div><\/div><div class=\"swiper-slide\"><div class=\"fusion-carousel-item-wrapper\"><div class=\"fusion-image-wrapper hover-type-none\"><a data-rel=\"iLightbox[image_carousel_1]\" data-title=\"IMG_0629\" aria-label=\"IMG_0629\" href=\"https:\/\/huentelmann.com\/wp-content\/uploads\/2024\/04\/IMG_0629-scaled.jpg\" target=\"_self\"><img decoding=\"async\" width=\"2560\" height=\"1707\" src=\"https:\/\/huentelmann.com\/wp-content\/uploads\/2024\/04\/IMG_0629-scaled.jpg\" class=\"attachment-full size-full lazyload\" alt=\"\" srcset=\"data:image\/svg+xml,%3Csvg%20xmlns%3D%27http%3A%2F%2Fwww.w3.org%2F2000%2Fsvg%27%20width%3D%272560%27%20height%3D%271707%27%20viewBox%3D%270%200%202560%201707%27%3E%3Crect%20width%3D%272560%27%20height%3D%271707%27%20fill-opacity%3D%220%22%2F%3E%3C%2Fsvg%3E\" data-orig-src=\"https:\/\/huentelmann.com\/wp-content\/uploads\/2024\/04\/IMG_0629-scaled.jpg\" data-srcset=\"https:\/\/huentelmann.com\/wp-content\/uploads\/2024\/04\/IMG_0629-200x133.jpg 200w, https:\/\/huentelmann.com\/wp-content\/uploads\/2024\/04\/IMG_0629-400x267.jpg 400w, https:\/\/huentelmann.com\/wp-content\/uploads\/2024\/04\/IMG_0629-600x400.jpg 600w, https:\/\/huentelmann.com\/wp-content\/uploads\/2024\/04\/IMG_0629-800x533.jpg 800w, https:\/\/huentelmann.com\/wp-content\/uploads\/2024\/04\/IMG_0629-1200x800.jpg 1200w, https:\/\/huentelmann.com\/wp-content\/uploads\/2024\/04\/IMG_0629-scaled.jpg 2560w\" data-sizes=\"auto\" \/><\/a><\/div><\/div><\/div><div class=\"swiper-slide\"><div class=\"fusion-carousel-item-wrapper\"><div class=\"fusion-image-wrapper hover-type-none\"><a data-rel=\"iLightbox[image_carousel_1]\" data-title=\"IMG_0627\" aria-label=\"IMG_0627\" href=\"https:\/\/huentelmann.com\/wp-content\/uploads\/2024\/04\/IMG_0627-scaled.jpg\" target=\"_self\"><img decoding=\"async\" width=\"2560\" height=\"1707\" src=\"https:\/\/huentelmann.com\/wp-content\/uploads\/2024\/04\/IMG_0627-scaled.jpg\" class=\"attachment-full size-full lazyload\" alt=\"\" srcset=\"data:image\/svg+xml,%3Csvg%20xmlns%3D%27http%3A%2F%2Fwww.w3.org%2F2000%2Fsvg%27%20width%3D%272560%27%20height%3D%271707%27%20viewBox%3D%270%200%202560%201707%27%3E%3Crect%20width%3D%272560%27%20height%3D%271707%27%20fill-opacity%3D%220%22%2F%3E%3C%2Fsvg%3E\" data-orig-src=\"https:\/\/huentelmann.com\/wp-content\/uploads\/2024\/04\/IMG_0627-scaled.jpg\" data-srcset=\"https:\/\/huentelmann.com\/wp-content\/uploads\/2024\/04\/IMG_0627-200x133.jpg 200w, https:\/\/huentelmann.com\/wp-content\/uploads\/2024\/04\/IMG_0627-400x267.jpg 400w, https:\/\/huentelmann.com\/wp-content\/uploads\/2024\/04\/IMG_0627-600x400.jpg 600w, https:\/\/huentelmann.com\/wp-content\/uploads\/2024\/04\/IMG_0627-800x533.jpg 800w, https:\/\/huentelmann.com\/wp-content\/uploads\/2024\/04\/IMG_0627-1200x800.jpg 1200w, https:\/\/huentelmann.com\/wp-content\/uploads\/2024\/04\/IMG_0627-scaled.jpg 2560w\" data-sizes=\"auto\" \/><\/a><\/div><\/div><\/div><\/div><div class=\"awb-swiper-button awb-swiper-button-prev\"><i class=\"awb-icon-angle-left\" aria-hidden=\"true\"><\/i><\/div><div class=\"awb-swiper-button awb-swiper-button-next\"><i class=\"awb-icon-angle-right\" aria-hidden=\"true\"><\/i><\/div><\/div><\/div><\/div><\/div><\/div><\/div><\/p>\n","protected":false},"excerpt":{"rendered":"","protected":false},"author":1,"featured_media":0,"parent":0,"menu_order":0,"comment_status":"closed","ping_status":"closed","template":"100-width.php","meta":{"_acf_changed":false,"footnotes":""},"class_list":["post-3772","page","type-page","status-publish","hentry"],"acf":[],"_links":{"self":[{"href":"https:\/\/huentelmann.com\/sv\/wp-json\/wp\/v2\/pages\/3772","targetHints":{"allow":["GET"]}}],"collection":[{"href":"https:\/\/huentelmann.com\/sv\/wp-json\/wp\/v2\/pages"}],"about":[{"href":"https:\/\/huentelmann.com\/sv\/wp-json\/wp\/v2\/types\/page"}],"author":[{"embeddable":true,"href":"https:\/\/huentelmann.com\/sv\/wp-json\/wp\/v2\/users\/1"}],"replies":[{"embeddable":true,"href":"https:\/\/huentelmann.com\/sv\/wp-json\/wp\/v2\/comments?post=3772"}],"version-history":[{"count":5,"href":"https:\/\/huentelmann.com\/sv\/wp-json\/wp\/v2\/pages\/3772\/revisions"}],"predecessor-version":[{"id":5120,"href":"https:\/\/huentelmann.com\/sv\/wp-json\/wp\/v2\/pages\/3772\/revisions\/5120"}],"wp:attachment":[{"href":"https:\/\/huentelmann.com\/sv\/wp-json\/wp\/v2\/media?parent=3772"}],"curies":[{"name":"wp","href":"https:\/\/api.w.org\/{rel}","templated":true}]}}